{"id":626,"date":"2024-07-05T08:33:17","date_gmt":"2024-07-05T06:33:17","guid":{"rendered":"https:\/\/policy-failures.uw.edu.pl\/?page_id=626"},"modified":"2025-05-03T07:38:58","modified_gmt":"2025-05-03T05:38:58","slug":"papers","status":"publish","type":"page","link":"https:\/\/policy-failures.uw.edu.pl\/?page_id=626","title":{"rendered":"Papers"},"content":{"rendered":"\n<div class=\"wp-block-image\"><figure class=\"alignleft\"><a href=\"http:\/\/adrianamica.strony.uw.edu.pl\/wp-content\/uploads\/sites\/24\/2024\/07\/Papers-1.png\"><img src=\"http:\/\/adrianamica.strony.uw.edu.pl\/wp-content\/uploads\/sites\/24\/2024\/07\/Papers-1-300x253.png\" alt=\"\" class=\"wp-image-1428\"\/><\/a><\/figure><\/div>\n\n\n\n<figure class=\"wp-block-image\"><a href=\"http:\/\/adrianamica.strony.uw.edu.pl\/wp-content\/uploads\/sites\/24\/2024\/07\/Sociologica.png\"><img src=\"http:\/\/adrianamica.strony.uw.edu.pl\/wp-content\/uploads\/sites\/24\/2024\/07\/Sociologica-260x300.png\" alt=\"\" class=\"wp-image-1426\"\/><\/a><\/figure>\n\n\n\n<p>Mica, Adriana, Gertrude J. Fraser, Bashir Bello, Miko\u0142aj Pawlak, Pawe\u0142 Kubicki. (2025). &#8220;<a rel=\"noreferrer noopener\" href=\"https:\/\/www.tandfonline.com\/doi\/full\/10.1080\/0969725X.2025.2485600\" target=\"_blank\">Harnessing Ignorance? Resources for Action and Resistance during the COVID-19 Pandemic Crisis in Nigeria<\/a>.&#8221; <em>Angelaki<\/em>\u00a030(2), 133\u2013145.<\/p>\n\n\n\n<p>Mica, Adriana, Miko\u0142aj Pawlak, Pawe\u0142 Kubicki. 2024. Mica, A., Pawlak, M., &amp; Kubicki, P. (2024). \u201c<a href=\"https:\/\/journals.sagepub.com\/doi\/abs\/10.1177\/08883254231168407?journalCode=eepa\" target=\"_blank\" rel=\"noreferrer noopener\">Failure Privilege in Policymaking: Exploitation, (In)visibilization, and Future Projection in Abortion Policy in Poland.<\/a>&nbsp;\u201c<em>East European Politics and Societies<\/em>,&nbsp;<em>38<\/em>(1): 148-177.<\/p>\n\n\n\n<p>Mica, Adriana,&nbsp; Miko\u0142aj Pawlak, Pawe\u0142 Kubicki. 2023.<a href=\"https:\/\/sociologica.unibo.it\/article\/view\/18340\" target=\"_blank\" rel=\"noreferrer noopener\">&nbsp;\u201cExpectations of Failure: Political Risks in the Moral Economy of Ignorance and Social Injustice<\/a>.\u201d Sociologica 17(3): 75\u201397.<\/p>\n\n\n\n<p>Kubicki, Pawe\u0142, Miko\u0142aj Pawlak, Adriana Mica. 2020.&nbsp;<em>Proces tworzenia polityki publicznej wobec niepe\u0142nosprawno\u015bci<\/em>. \u201ePolityka Spo\u0142eczna\u201d 10(559): 22-29.<\/p>\n\n\n\n<p>Horolets, Anna, Adriana Mica, Miko\u0142aj Pawlak, Pawe\u0142 Kubicki. 2020.&nbsp;<a href=\"https:\/\/journals.sagepub.com\/doi\/10.1177\/0888325419891204\" target=\"_blank\" rel=\"noreferrer noopener\"><em>Ignorance as an Outcome of Categorizations: The \u2018Refugees\u2019 in the Polish Academic Discourse Before and After the 2015 Refugee Crisis<\/em><\/a>. \u201cEast European Politics and Societies and Cultures\u201d 34(3): 730-751.<\/p>\n\n\n\n<p>Kubicki, Pawe\u0142, Miko\u0142aj Pawlak, Adriana Mica, Anna Horolets. 2019.&nbsp;<a href=\"https:\/\/depot.ceon.pl\/bitstream\/handle\/123456789\/17107\/Porazka%20w%20polityce%20publicznej%20Kubicki%20Pawlak%20Mica%20Horolets.pdf\" target=\"_blank\" rel=\"noreferrer noopener\"><em>Pora\u017cka w polityce publicznej<\/em><\/a>. \u201cKwartalnik Kolegium Ekonomiczno-Spo\u0142ecznego Studia i Prace\u201d 37(1): 13\u201341.<\/p>\n\n\n\n<p>Kubicki, Pawe\u0142, Miko\u0142aj Pawlak, Adriana Mica, Anna Horolets. 2017.&nbsp;<em>Wyj\u015bcie z cienia: Polityka uchod\u017acza w sytuacji kryzysu<\/em>.&nbsp;<a href=\"https:\/\/www.ipiss.com.pl\/wp-content\/plugins\/download-monitor\/download.php?id=3022\">\u201cPolityka Spo\u0142eczna\u201d 9(522)<\/a>: 22\u201328.<\/p>\n","protected":false},"excerpt":{"rendered":"<p>Mica, Adriana, Gertrude J. Fraser, Bashir Bello, Miko\u0142aj Pawlak, Pawe\u0142 Kubicki. (2025). &#8220;Harnessing Ignorance? Resources for Action and Resistance during the COVID-19 Pandemic Crisis in Nigeria.&#8221; Angelaki\u00a030(2), 133\u2013145. Mica, Adriana, Miko\u0142aj Pawlak, Pawe\u0142 Kubicki. 2024. Mica, A., Pawlak, M., &amp; Kubicki, P. (2024). \u201cFailure Privilege in Policymaking: Exploitation, (In)visibilization, and Future Projection in Abortion Policy&hellip; <a class=\"more-link\" href=\"https:\/\/policy-failures.uw.edu.pl\/?page_id=626\">Continue reading <span class=\"screen-reader-text\">Papers<\/span><\/a><\/p>\n","protected":false},"author":1,"featured_media":0,"parent":0,"menu_order":3,"comment_status":"closed","ping_status":"closed","template":"","meta":[],"_links":{"self":[{"href":"https:\/\/policy-failures.uw.edu.pl\/index.php?rest_route=\/wp\/v2\/pages\/626"}],"collection":[{"href":"https:\/\/policy-failures.uw.edu.pl\/index.php?rest_route=\/wp\/v2\/pages"}],"about":[{"href":"https:\/\/policy-failures.uw.edu.pl\/index.php?rest_route=\/wp\/v2\/types\/page"}],"author":[{"embeddable":true,"href":"https:\/\/policy-failures.uw.edu.pl\/index.php?rest_route=\/wp\/v2\/users\/1"}],"replies":[{"embeddable":true,"href":"https:\/\/policy-failures.uw.edu.pl\/index.php?rest_route=%2Fwp%2Fv2%2Fcomments&post=626"}],"version-history":[{"count":3,"href":"https:\/\/policy-failures.uw.edu.pl\/index.php?rest_route=\/wp\/v2\/pages\/626\/revisions"}],"predecessor-version":[{"id":692,"href":"https:\/\/policy-failures.uw.edu.pl\/index.php?rest_route=\/wp\/v2\/pages\/626\/revisions\/692"}],"wp:attachment":[{"href":"https:\/\/policy-failures.uw.edu.pl\/index.php?rest_route=%2Fwp%2Fv2%2Fmedia&parent=626"}],"curies":[{"name":"wp","href":"https:\/\/api.w.org\/{rel}","templated":true}]}}