{"id":571,"date":"2024-04-26T18:59:12","date_gmt":"2024-04-26T16:59:12","guid":{"rendered":"https:\/\/policy-failures.uw.edu.pl\/?page_id=571"},"modified":"2024-05-04T09:21:54","modified_gmt":"2024-05-04T07:21:54","slug":"lineup-failure-regimes","status":"publish","type":"page","link":"https:\/\/policy-failures.uw.edu.pl\/?page_id=571","title":{"rendered":"Lineup: Failure Regimes,         6-7 May 2024, Warsaw"},"content":{"rendered":"\n<p><strong>Organizers:<\/strong>&nbsp;Failure Lab and Criminology Scientific Club (University of Warsaw), &amp; Section of Economic Sociology (Polish Sociological Association)<\/p>\n\n\n\n<p><strong>Media patronage<\/strong>: Polish Scientific&nbsp;Publisher&nbsp;PWN [Wydawnictwo Naukowe PWN]<\/p>\n\n\n\n<p><strong>Venue:<\/strong>&nbsp;IPSiR UW [Institute of Social Prevention and Resocialisation], ul. Podchor\u0105\u017cych 20, room 55, 02-721, Warsaw<\/p>\n\n\n\n<p><strong>Registration<\/strong>&nbsp;to participate in the event, free of charge [by May 1, 2024]: a.mica[at]uw.edu.pl<\/p>\n\n\n\n<p>.<\/p>\n\n\n\n<div class=\"wp-block-image\"><figure class=\"alignleft\"><a href=\"http:\/\/adrianamica.strony.uw.edu.pl\/wp-content\/uploads\/sites\/24\/2024\/04\/Catherine-1-300x290-2.png\"><img src=\"http:\/\/adrianamica.strony.uw.edu.pl\/wp-content\/uploads\/sites\/24\/2024\/04\/Catherine-1-300x290-2.png\" alt=\"\" class=\"wp-image-1387\"\/><\/a><\/figure><\/div>\n\n\n\n<p><strong>Catherine Alexander<\/strong> (Durham University, England) <\/p>\n\n\n\n<p>Research: how forms and fears of failure affect complex organisations, such as large science collaborations; forms of waste and recycling (repair, reuse, recovery).<\/p>\n\n\n\n<p>&#8230;<\/p>\n\n\n\n<div class=\"wp-block-image\"><figure class=\"alignleft\"><a href=\"http:\/\/adrianamica.strony.uw.edu.pl\/wp-content\/uploads\/sites\/24\/2024\/04\/2024042617205626-scaled.jpg\"><img src=\"http:\/\/adrianamica.strony.uw.edu.pl\/wp-content\/uploads\/sites\/24\/2024\/04\/2024042617205626-202x300.jpg\" alt=\"\" class=\"wp-image-1393\"\/><\/a><\/figure><\/div>\n\n\n\n<p><strong>Bashir Bello <\/strong>(Federal University Gusau, Zamfara State Nigeria)<\/p>\n\n\n\n<p>Research: failure as equity and inclusion issue in relation to women in the academia; upsurge in crime; youth and students amid kidnaping and banditry in Nigeria.<\/p>\n\n\n\n<p><\/p>\n\n\n\n<p>&#8230;<\/p>\n\n\n\n<div class=\"wp-block-image\"><figure class=\"alignleft\"><a href=\"http:\/\/adrianamica.strony.uw.edu.pl\/wp-content\/uploads\/sites\/24\/2024\/04\/Bradatan.jpg\"><img src=\"http:\/\/adrianamica.strony.uw.edu.pl\/wp-content\/uploads\/sites\/24\/2024\/04\/Bradatan.jpg\" alt=\"\" class=\"wp-image-1388\"\/><\/a><\/figure><\/div>\n\n\n\n<p><strong>Costic\u0103 Br\u0103d\u0103\u021ban<\/strong> (Texas Tech University, US)<\/p>\n\n\n\n<p>Research: religion and philosophy; historical figures who led lives of impact and meaning\u2014and assiduously courted failure; lives of philosophers, humility, challenging of success.<\/p>\n\n\n\n<p>&#8230;<\/p>\n\n\n\n<div class=\"wp-block-image\"><figure class=\"alignleft\"><a href=\"http:\/\/adrianamica.strony.uw.edu.pl\/wp-content\/uploads\/sites\/24\/2024\/04\/2024042617173022-scaled.jpg\"><img src=\"http:\/\/adrianamica.strony.uw.edu.pl\/wp-content\/uploads\/sites\/24\/2024\/04\/2024042617173022-300x213.jpg\" alt=\"\" class=\"wp-image-1395\"\/><\/a><\/figure><\/div>\n\n\n\n<p><strong>Pawe\u0142 Kubicki<\/strong> (SGH Warsaw School of Economics, Warsaw)<\/p>\n\n\n\n<p>Research: public policy analysis, social exclusion, development of equalizing opportunities for persons with disabilities.<\/p>\n\n\n\n<p>&#8230;<\/p>\n\n\n\n<div class=\"wp-block-image\"><figure class=\"alignleft\"><a href=\"http:\/\/adrianamica.strony.uw.edu.pl\/wp-content\/uploads\/sites\/24\/2024\/04\/2024042617245289-scaled.jpg\"><img src=\"http:\/\/adrianamica.strony.uw.edu.pl\/wp-content\/uploads\/sites\/24\/2024\/04\/2024042617245289-251x300.jpg\" alt=\"\" class=\"wp-image-1391\"\/><\/a><\/figure><\/div>\n\n\n\n<p><strong> Andrea Di Lorenzo<\/strong> (University of Florence, Italy)<\/p>\n\n\n\n<p>Research: relationship between subjectivation processes and the culture of modernity, \u201cFailure is impossible?\u201d, &nbsp;critical reading of the \u201cmyth\u201d of positive failure.<\/p>\n\n\n\n<p><\/p>\n\n\n\n<p>&#8230;<\/p>\n\n\n\n<div class=\"wp-block-image\"><figure class=\"alignleft\"><a href=\"http:\/\/adrianamica.strony.uw.edu.pl\/wp-content\/uploads\/sites\/24\/2024\/04\/2024042617100806-scaled.jpg\"><img src=\"http:\/\/adrianamica.strony.uw.edu.pl\/wp-content\/uploads\/sites\/24\/2024\/04\/2024042617100806-225x300.jpg\" alt=\"\" class=\"wp-image-1399\"\/><\/a><\/figure><\/div>\n\n\n\n<p> <strong>Oskar Lubi\u0144ski<\/strong> (Nicolaus Copernicus University in Toru\u0144, Poland)<\/p>\n\n\n\n<p>Research: globalization, theories of social change, behind-the-scenes activities such as shadow elites, hierarchies and international inequalities which date back to colonial history of most wealthy nations.<\/p>\n\n\n\n<p>&#8230;<\/p>\n\n\n\n<div class=\"wp-block-image\"><figure class=\"alignleft\"><a href=\"http:\/\/adrianamica.strony.uw.edu.pl\/wp-content\/uploads\/sites\/24\/2024\/04\/2024042617194491-scaled.jpg\"><img src=\"http:\/\/adrianamica.strony.uw.edu.pl\/wp-content\/uploads\/sites\/24\/2024\/04\/2024042617194491-251x300.jpg\" alt=\"\" class=\"wp-image-1394\"\/><\/a><\/figure><\/div>\n\n\n\n<p><strong>Matthew McKenna<\/strong> (University of Birmingham, England)<\/p>\n\n\n\n<p>Research: how changing practices and beliefs regarding cooperation, conflict and power illuminate the way local policymakers learn to fail and to blame; rationalist approaches to policy failure in public administration literatures.<\/p>\n\n\n\n<p>&#8230;<\/p>\n\n\n\n<div class=\"wp-block-image\"><figure class=\"alignleft\"><a href=\"http:\/\/adrianamica.strony.uw.edu.pl\/wp-content\/uploads\/sites\/24\/2024\/04\/2024042617164820-scaled.jpg\"><img src=\"http:\/\/adrianamica.strony.uw.edu.pl\/wp-content\/uploads\/sites\/24\/2024\/04\/2024042617164820-300x180.jpg\" alt=\"\" class=\"wp-image-1396\"\/><\/a><\/figure><\/div>\n\n\n\n<p> <strong>Adriana Mica<\/strong> (University of Warsaw, Poland)<\/p>\n\n\n\n<p>Research: failure, post-failure, abeyance and \u201cbeef\u201d in policymaking, impact of creolization on failure regimes in Central and Eastern Europe, global dynamics of \u201cfailing our children\u201d.<\/p>\n\n\n\n<p>&#8230;<\/p>\n\n\n\n<div class=\"wp-block-image\"><figure class=\"alignleft\"><a href=\"http:\/\/adrianamica.strony.uw.edu.pl\/wp-content\/uploads\/sites\/24\/2024\/04\/2024042617331482-scaled.jpg\"><img src=\"http:\/\/adrianamica.strony.uw.edu.pl\/wp-content\/uploads\/sites\/24\/2024\/04\/2024042617331482-240x300.jpg\" alt=\"\" class=\"wp-image-1389\"\/><\/a><\/figure><\/div>\n\n\n\n<p><strong> Szymon Nawrocki <\/strong>(University of Warsaw, Poland &amp; Criminological Scientific Club)<\/p>\n\n\n\n<p>Research: criminology, cybercriminoogy, cyber security, war studies, intersections with failure studies.<\/p>\n\n\n\n<p><\/p>\n\n\n\n<p>&#8230;<\/p>\n\n\n\n<div class=\"wp-block-image\"><figure class=\"alignleft\"><a href=\"http:\/\/adrianamica.strony.uw.edu.pl\/wp-content\/uploads\/sites\/24\/2024\/04\/2024042617161751-scaled.jpg\"><img src=\"http:\/\/adrianamica.strony.uw.edu.pl\/wp-content\/uploads\/sites\/24\/2024\/04\/2024042617161751-300x200.jpg\" alt=\"\" class=\"wp-image-1397\"\/><\/a><\/figure><\/div>\n\n\n\n<p> <strong>Miko\u0142aj Pawlak<\/strong> (University of Warsaw, Poland)<\/p>\n\n\n\n<p>Research: new institutional theory, migration studies, ignorance and failure studies, sociological vacuum.<\/p>\n\n\n\n<p>&#8230;<\/p>\n\n\n\n<div class=\"wp-block-image\"><figure class=\"alignleft\"><a href=\"http:\/\/adrianamica.strony.uw.edu.pl\/wp-content\/uploads\/sites\/24\/2024\/04\/2024042617223657-scaled.jpg\"><img src=\"http:\/\/adrianamica.strony.uw.edu.pl\/wp-content\/uploads\/sites\/24\/2024\/04\/2024042617223657-200x300.jpg\" alt=\"\" class=\"wp-image-1392\"\/><\/a><\/figure><\/div>\n\n\n\n<p> <strong>Krzysztof Rowi\u0144ski<\/strong> (Trinity College Dublin, Ireland)<\/p>\n\n\n\n<p>Research: non-redemptive failure; political effects of failure beyond a teleological lens; analysis of literary, performative, and filmic examples, which transcend narratives of redemption and ultimate success; Italy, Poland, and the United States.<\/p>\n\n\n\n<p>&#8230;<\/p>\n\n\n\n<div class=\"wp-block-image\"><figure class=\"alignleft\"><a href=\"http:\/\/adrianamica.strony.uw.edu.pl\/wp-content\/uploads\/sites\/24\/2024\/04\/2024042617304135-scaled.jpg\"><img src=\"http:\/\/adrianamica.strony.uw.edu.pl\/wp-content\/uploads\/sites\/24\/2024\/04\/2024042617304135-232x300.jpg\" alt=\"\" class=\"wp-image-1390\"\/><\/a><\/figure><\/div>\n\n\n\n<p><strong>Minsun Song <\/strong>(Hankuk University of Foreign Studies, Seoul, South Korea)<\/p>\n\n\n\n<p>Research: impact of cultural and political climates on the policy-making process and the conflicts and failures that may arise in the policy process. I hope to share my insights and learn from others&#8217; experiences in this regard.<\/p>\n\n\n\n<p>&#8230;.<\/p>\n\n\n\n<div class=\"wp-block-image\"><figure class=\"alignleft\"><a href=\"http:\/\/adrianamica.strony.uw.edu.pl\/wp-content\/uploads\/sites\/24\/2024\/04\/2024042617151597-scaled.jpg\"><img src=\"http:\/\/adrianamica.strony.uw.edu.pl\/wp-content\/uploads\/sites\/24\/2024\/04\/2024042617151597-300x200.jpg\" alt=\"\" class=\"wp-image-1398\"\/><\/a><\/figure><\/div>\n\n\n\n<p> <strong>Agnieszka W\u0142odarska<\/strong> (University of Warsaw, Poland)<\/p>\n\n\n\n<p>Research: hate crimes, toxic masculinity, failure projections in relation to radicalisation.<\/p>\n","protected":false},"excerpt":{"rendered":"<p>Organizers:&nbsp;Failure Lab and Criminology Scientific Club (University of Warsaw), &amp; Section of Economic Sociology (Polish Sociological Association) Media patronage: Polish Scientific&nbsp;Publisher&nbsp;PWN [Wydawnictwo Naukowe PWN] Venue:&nbsp;IPSiR UW [Institute of Social Prevention and Resocialisation], ul. Podchor\u0105\u017cych 20, room 55, 02-721, Warsaw Registration&nbsp;to participate in the event, free of charge [by May 1, 2024]: a.mica[at]uw.edu.pl . Catherine Alexander&hellip; <a class=\"more-link\" href=\"https:\/\/policy-failures.uw.edu.pl\/?page_id=571\">Continue reading <span class=\"screen-reader-text\">Lineup: Failure Regimes,         6-7 May 2024, Warsaw<\/span><\/a><\/p>\n","protected":false},"author":1,"featured_media":0,"parent":0,"menu_order":0,"comment_status":"closed","ping_status":"closed","template":"","meta":[],"_links":{"self":[{"href":"https:\/\/policy-failures.uw.edu.pl\/index.php?rest_route=\/wp\/v2\/pages\/571"}],"collection":[{"href":"https:\/\/policy-failures.uw.edu.pl\/index.php?rest_route=\/wp\/v2\/pages"}],"about":[{"href":"https:\/\/policy-failures.uw.edu.pl\/index.php?rest_route=\/wp\/v2\/types\/page"}],"author":[{"embeddable":true,"href":"https:\/\/policy-failures.uw.edu.pl\/index.php?rest_route=\/wp\/v2\/users\/1"}],"replies":[{"embeddable":true,"href":"https:\/\/policy-failures.uw.edu.pl\/index.php?rest_route=%2Fwp%2Fv2%2Fcomments&post=571"}],"version-history":[{"count":13,"href":"https:\/\/policy-failures.uw.edu.pl\/index.php?rest_route=\/wp\/v2\/pages\/571\/revisions"}],"predecessor-version":[{"id":608,"href":"https:\/\/policy-failures.uw.edu.pl\/index.php?rest_route=\/wp\/v2\/pages\/571\/revisions\/608"}],"wp:attachment":[{"href":"https:\/\/policy-failures.uw.edu.pl\/index.php?rest_route=%2Fwp%2Fv2%2Fmedia&parent=571"}],"curies":[{"name":"wp","href":"https:\/\/api.w.org\/{rel}","templated":true}]}}